{"id":256,"date":"2022-06-01T20:09:42","date_gmt":"2022-06-01T20:09:42","guid":{"rendered":"https:\/\/ceid1.wpenginepowered.com\/buildingcapacity\/?page_id=256"},"modified":"2022-06-01T21:08:02","modified_gmt":"2022-06-01T21:08:02","slug":"wals-2021","status":"publish","type":"page","link":"https:\/\/ceid.utsa.edu\/buildingcapacity\/academic-conferences\/wals-2021\/","title":{"rendered":"WALS 2021"},"content":{"rendered":"\n<h2 class=\"wp-block-heading\"><strong>Abstract<\/strong><\/h2>\n\n\n\n<p>Sustainability in Lesson Study (LS) is critical for ensuring improvement in teaching practice and learning. We examine the sustainability of LS activity in two Engineering courses in the context of a Hispanic-Serving university. We address the following questions:<\/p>\n\n\n\n<ol class=\"wp-block-list\"><li>How are organizational routines for LS adapted over time to support continued engagement and expansion of members?<\/li><li>To what extent have learning opportunities focused on infusing academic literacy been established and sustained?<\/li><li>What evidence in teaching practice suggests the development of teacher leadership over time?<\/li><\/ol>\n\n\n\n<p>This paper centers on the implementation of LS in upper and lower division Engineering courses across 5 semesters. Data are drawn from (a) transcripts of LS meetings; (b) observations of LS course delivery; and (c) reflections from institutional stakeholders of adaptations over time. Findings show that the cyclical process of LS allows for adaptations that support the three prominent premises of sustainability suggested by Perry and Lewis (2009): (1)<em> professional learning communities<\/em>, constructed from a collaboration between the Education and STEM faculty; (2) <em>learning opportunities<\/em>, which enable faculty members to co-construct teaching approaches that include academic literacy; (3) <em>teacher leadership<\/em>, shown through strong advocacy from senior STEM faculty in supporting efforts for curricular and instructional reform. We further examine constraints to sustainability as outlined by Lim, Teh, and Chiew (2018). Discussion of sustainability practices in tertiary settings aligns with the strand Developing Professional Learning Communities: Models and Practices by presenting models that involve cross-disciplinary teams focused on cross-level courses in a still under-studied context of higher education.\u00a0<\/p>\n\n\n\n<h2 class=\"wp-block-heading\"><strong>Presentation Slides<\/strong><\/h2>\n\n\n\n<figure class=\"wp-block-embed is-type-rich is-provider-slideshare wp-block-embed-slideshare\"><div class=\"wp-block-embed__wrapper\">\n<iframe title=\"WALS 2021 Presentation\" src=\"https:\/\/www.slideshare.net\/slideshow\/embed_code\/key\/K0Xc98jLtqXvFd\" width=\"427\" height=\"356\" frameborder=\"0\" marginwidth=\"0\" marginheight=\"0\" scrolling=\"no\" style=\"border:1px solid #CCC; border-width:1px; margin-bottom:5px; max-width: 100%;\" allowfullscreen> <\/iframe> <div style=\"margin-bottom:5px\"> <strong> <a href=\"https:\/\/www.slideshare.net\/NguyenDao72\/wals-2021-presentation\" title=\"WALS 2021 Presentation\" target=\"_blank\">WALS 2021 Presentation<\/a> <\/strong> from <strong><a href=\"https:\/\/www.slideshare.net\/NguyenDao72\" target=\"_blank\">NguyenDao72<\/a><\/strong> <\/div>\n<\/div><\/figure>\n\n\n\n<h2 class=\"wp-block-heading\"><strong>References<\/strong><\/h2>\n\n\n\n<p>Perry, R. R., &amp; Lewis, C. C. (2009). What is successful adaptation of lesson study in the US?&nbsp;<\/p>\n\n\n\n<p><em>Journal of Educational Change<\/em>, <em>10<\/em>(4), 365\u2013391.<a href=\"https:\/\/doi.org\/10.1007\/s10833-008-9069-7\"> https:\/\/doi.org\/10.1007\/s10833-008-9069-7<\/a><\/p>\n\n\n\n<p>Lim, C. S., Teh, K. H., &amp; Chiew, C. M. (2018). Promoting and Implementing Lesson Study in&nbsp;Malaysia: Issue of Sustainability. In M. Quaresma, C. Winsl\u00f8w, S. Clivaz, J. P. da Ponte, A. N\u00ed Sh\u00failleabh\u00e1in, &amp; A. Takahashi (Eds.), <em>Mathematics Lesson Study Around the World: Theoretical and Methodological Issues<\/em> (pp. 47\u201364). Springer International Publishing.<a href=\"https:\/\/doi.org\/10.1007\/978-3-319-75696-7_3\"><\/a><\/p>\n","protected":false},"excerpt":{"rendered":"<p>Abstract Sustainability in Lesson Study (LS) is critical for ensuring improvement in teaching practice and learning. We examine the sustainability of LS activity in two Engineering courses in the context of a Hispanic-Serving university. We address the following questions: How are organizational routines for LS adapted over time to support continued engagement and expansion of &hellip; <\/p>\n<p class=\"link-more\"><a href=\"https:\/\/ceid.utsa.edu\/buildingcapacity\/academic-conferences\/wals-2021\/\" class=\"more-link\">Continue reading<span class=\"screen-reader-text\"> &#8220;WALS 2021&#8221;<\/span><\/a><\/p>\n","protected":false},"author":108,"featured_media":0,"parent":43,"menu_order":0,"comment_status":"closed","ping_status":"closed","template":"","meta":{"_monsterinsights_skip_tracking":false,"_monsterinsights_sitenote_active":false,"_monsterinsights_sitenote_note":"","_monsterinsights_sitenote_category":0,"footnotes":""},"class_list":["post-256","page","type-page","status-publish","hentry"],"yoast_head":"<!-- This site is optimized with the Yoast SEO plugin v27.3 - https:\/\/yoast.com\/product\/yoast-seo-wordpress\/ -->\n<title>WALS 2021 - NSF UTSA - Building STEM Capacity<\/title>\n<meta name=\"robots\" content=\"index, follow, max-snippet:-1, max-image-preview:large, max-video-preview:-1\" \/>\n<link rel=\"canonical\" href=\"https:\/\/ceid.utsa.edu\/buildingcapacity\/academic-conferences\/wals-2021\/\" \/>\n<meta property=\"og:locale\" content=\"en_US\" \/>\n<meta property=\"og:type\" content=\"article\" \/>\n<meta property=\"og:title\" content=\"WALS 2021 - NSF UTSA - Building STEM Capacity\" \/>\n<meta property=\"og:description\" content=\"Abstract Sustainability in Lesson Study (LS) is critical for ensuring improvement in teaching practice and learning. We examine the sustainability of LS activity in two Engineering courses in the context of a Hispanic-Serving university. We address the following questions: How are organizational routines for LS adapted over time to support continued engagement and expansion of &hellip; Continue reading &quot;WALS 2021&quot;\" \/>\n<meta property=\"og:url\" content=\"https:\/\/ceid.utsa.edu\/buildingcapacity\/academic-conferences\/wals-2021\/\" \/>\n<meta property=\"og:site_name\" content=\"NSF UTSA - Building STEM Capacity\" \/>\n<meta property=\"article:modified_time\" content=\"2022-06-01T21:08:02+00:00\" \/>\n<meta name=\"twitter:card\" content=\"summary_large_image\" \/>\n<meta name=\"twitter:label1\" content=\"Est. reading time\" \/>\n\t<meta name=\"twitter:data1\" content=\"2 minutes\" \/>\n<script type=\"application\/ld+json\" class=\"yoast-schema-graph\">{\"@context\":\"https:\\\/\\\/schema.org\",\"@graph\":[{\"@type\":\"WebPage\",\"@id\":\"https:\\\/\\\/ceid.utsa.edu\\\/buildingcapacity\\\/academic-conferences\\\/wals-2021\\\/\",\"url\":\"https:\\\/\\\/ceid.utsa.edu\\\/buildingcapacity\\\/academic-conferences\\\/wals-2021\\\/\",\"name\":\"WALS 2021 - NSF UTSA - Building STEM Capacity\",\"isPartOf\":{\"@id\":\"https:\\\/\\\/ceid.utsa.edu\\\/buildingcapacity\\\/#website\"},\"datePublished\":\"2022-06-01T20:09:42+00:00\",\"dateModified\":\"2022-06-01T21:08:02+00:00\",\"breadcrumb\":{\"@id\":\"https:\\\/\\\/ceid.utsa.edu\\\/buildingcapacity\\\/academic-conferences\\\/wals-2021\\\/#breadcrumb\"},\"inLanguage\":\"en-US\",\"potentialAction\":[{\"@type\":\"ReadAction\",\"target\":[\"https:\\\/\\\/ceid.utsa.edu\\\/buildingcapacity\\\/academic-conferences\\\/wals-2021\\\/\"]}]},{\"@type\":\"BreadcrumbList\",\"@id\":\"https:\\\/\\\/ceid.utsa.edu\\\/buildingcapacity\\\/academic-conferences\\\/wals-2021\\\/#breadcrumb\",\"itemListElement\":[{\"@type\":\"ListItem\",\"position\":1,\"name\":\"Home\",\"item\":\"https:\\\/\\\/ceid.utsa.edu\\\/buildingcapacity\\\/\"},{\"@type\":\"ListItem\",\"position\":2,\"name\":\"CONFERENCES\",\"item\":\"https:\\\/\\\/ceid.utsa.edu\\\/buildingcapacity\\\/academic-conferences\\\/\"},{\"@type\":\"ListItem\",\"position\":3,\"name\":\"WALS 2021\"}]},{\"@type\":\"WebSite\",\"@id\":\"https:\\\/\\\/ceid.utsa.edu\\\/buildingcapacity\\\/#website\",\"url\":\"https:\\\/\\\/ceid.utsa.edu\\\/buildingcapacity\\\/\",\"name\":\"NSF UTSA - Building STEM Capacity\",\"description\":\"NSF Transforming STEM Undergraduate Education through Academic Literacy, Mentoring and Professional Development\",\"publisher\":{\"@id\":\"https:\\\/\\\/ceid.utsa.edu\\\/buildingcapacity\\\/#organization\"},\"potentialAction\":[{\"@type\":\"SearchAction\",\"target\":{\"@type\":\"EntryPoint\",\"urlTemplate\":\"https:\\\/\\\/ceid.utsa.edu\\\/buildingcapacity\\\/?s={search_term_string}\"},\"query-input\":{\"@type\":\"PropertyValueSpecification\",\"valueRequired\":true,\"valueName\":\"search_term_string\"}}],\"inLanguage\":\"en-US\"},{\"@type\":\"Organization\",\"@id\":\"https:\\\/\\\/ceid.utsa.edu\\\/buildingcapacity\\\/#organization\",\"name\":\"NSF UTSA - Building STEM Capacity\",\"url\":\"https:\\\/\\\/ceid.utsa.edu\\\/buildingcapacity\\\/\",\"logo\":{\"@type\":\"ImageObject\",\"inLanguage\":\"en-US\",\"@id\":\"https:\\\/\\\/ceid.utsa.edu\\\/buildingcapacity\\\/#\\\/schema\\\/logo\\\/image\\\/\",\"url\":\"https:\\\/\\\/ceid.utsa.edu\\\/buildingcapacity\\\/wp-content\\\/uploads\\\/sites\\\/87\\\/2020\\\/04\\\/cropped-1200px-University_of_Texas_at_San_Antonio_seal.svg_.png\",\"contentUrl\":\"https:\\\/\\\/ceid.utsa.edu\\\/buildingcapacity\\\/wp-content\\\/uploads\\\/sites\\\/87\\\/2020\\\/04\\\/cropped-1200px-University_of_Texas_at_San_Antonio_seal.svg_.png\",\"width\":250,\"height\":250,\"caption\":\"NSF UTSA - Building STEM Capacity\"},\"image\":{\"@id\":\"https:\\\/\\\/ceid.utsa.edu\\\/buildingcapacity\\\/#\\\/schema\\\/logo\\\/image\\\/\"}}]}<\/script>\n<!-- \/ Yoast SEO plugin. -->","yoast_head_json":{"title":"WALS 2021 - NSF UTSA - Building STEM Capacity","robots":{"index":"index","follow":"follow","max-snippet":"max-snippet:-1","max-image-preview":"max-image-preview:large","max-video-preview":"max-video-preview:-1"},"canonical":"https:\/\/ceid.utsa.edu\/buildingcapacity\/academic-conferences\/wals-2021\/","og_locale":"en_US","og_type":"article","og_title":"WALS 2021 - NSF UTSA - Building STEM Capacity","og_description":"Abstract Sustainability in Lesson Study (LS) is critical for ensuring improvement in teaching practice and learning. We examine the sustainability of LS activity in two Engineering courses in the context of a Hispanic-Serving university. We address the following questions: How are organizational routines for LS adapted over time to support continued engagement and expansion of &hellip; Continue reading \"WALS 2021\"","og_url":"https:\/\/ceid.utsa.edu\/buildingcapacity\/academic-conferences\/wals-2021\/","og_site_name":"NSF UTSA - Building STEM Capacity","article_modified_time":"2022-06-01T21:08:02+00:00","twitter_card":"summary_large_image","twitter_misc":{"Est. reading time":"2 minutes"},"schema":{"@context":"https:\/\/schema.org","@graph":[{"@type":"WebPage","@id":"https:\/\/ceid.utsa.edu\/buildingcapacity\/academic-conferences\/wals-2021\/","url":"https:\/\/ceid.utsa.edu\/buildingcapacity\/academic-conferences\/wals-2021\/","name":"WALS 2021 - NSF UTSA - Building STEM Capacity","isPartOf":{"@id":"https:\/\/ceid.utsa.edu\/buildingcapacity\/#website"},"datePublished":"2022-06-01T20:09:42+00:00","dateModified":"2022-06-01T21:08:02+00:00","breadcrumb":{"@id":"https:\/\/ceid.utsa.edu\/buildingcapacity\/academic-conferences\/wals-2021\/#breadcrumb"},"inLanguage":"en-US","potentialAction":[{"@type":"ReadAction","target":["https:\/\/ceid.utsa.edu\/buildingcapacity\/academic-conferences\/wals-2021\/"]}]},{"@type":"BreadcrumbList","@id":"https:\/\/ceid.utsa.edu\/buildingcapacity\/academic-conferences\/wals-2021\/#breadcrumb","itemListElement":[{"@type":"ListItem","position":1,"name":"Home","item":"https:\/\/ceid.utsa.edu\/buildingcapacity\/"},{"@type":"ListItem","position":2,"name":"CONFERENCES","item":"https:\/\/ceid.utsa.edu\/buildingcapacity\/academic-conferences\/"},{"@type":"ListItem","position":3,"name":"WALS 2021"}]},{"@type":"WebSite","@id":"https:\/\/ceid.utsa.edu\/buildingcapacity\/#website","url":"https:\/\/ceid.utsa.edu\/buildingcapacity\/","name":"NSF UTSA - Building STEM Capacity","description":"NSF Transforming STEM Undergraduate Education through Academic Literacy, Mentoring and Professional Development","publisher":{"@id":"https:\/\/ceid.utsa.edu\/buildingcapacity\/#organization"},"potentialAction":[{"@type":"SearchAction","target":{"@type":"EntryPoint","urlTemplate":"https:\/\/ceid.utsa.edu\/buildingcapacity\/?s={search_term_string}"},"query-input":{"@type":"PropertyValueSpecification","valueRequired":true,"valueName":"search_term_string"}}],"inLanguage":"en-US"},{"@type":"Organization","@id":"https:\/\/ceid.utsa.edu\/buildingcapacity\/#organization","name":"NSF UTSA - Building STEM Capacity","url":"https:\/\/ceid.utsa.edu\/buildingcapacity\/","logo":{"@type":"ImageObject","inLanguage":"en-US","@id":"https:\/\/ceid.utsa.edu\/buildingcapacity\/#\/schema\/logo\/image\/","url":"https:\/\/ceid.utsa.edu\/buildingcapacity\/wp-content\/uploads\/sites\/87\/2020\/04\/cropped-1200px-University_of_Texas_at_San_Antonio_seal.svg_.png","contentUrl":"https:\/\/ceid.utsa.edu\/buildingcapacity\/wp-content\/uploads\/sites\/87\/2020\/04\/cropped-1200px-University_of_Texas_at_San_Antonio_seal.svg_.png","width":250,"height":250,"caption":"NSF UTSA - Building STEM Capacity"},"image":{"@id":"https:\/\/ceid.utsa.edu\/buildingcapacity\/#\/schema\/logo\/image\/"}}]}},"_links":{"self":[{"href":"https:\/\/ceid.utsa.edu\/buildingcapacity\/wp-json\/wp\/v2\/pages\/256","targetHints":{"allow":["GET"]}}],"collection":[{"href":"https:\/\/ceid.utsa.edu\/buildingcapacity\/wp-json\/wp\/v2\/pages"}],"about":[{"href":"https:\/\/ceid.utsa.edu\/buildingcapacity\/wp-json\/wp\/v2\/types\/page"}],"author":[{"embeddable":true,"href":"https:\/\/ceid.utsa.edu\/buildingcapacity\/wp-json\/wp\/v2\/users\/108"}],"replies":[{"embeddable":true,"href":"https:\/\/ceid.utsa.edu\/buildingcapacity\/wp-json\/wp\/v2\/comments?post=256"}],"version-history":[{"count":0,"href":"https:\/\/ceid.utsa.edu\/buildingcapacity\/wp-json\/wp\/v2\/pages\/256\/revisions"}],"up":[{"embeddable":true,"href":"https:\/\/ceid.utsa.edu\/buildingcapacity\/wp-json\/wp\/v2\/pages\/43"}],"wp:attachment":[{"href":"https:\/\/ceid.utsa.edu\/buildingcapacity\/wp-json\/wp\/v2\/media?parent=256"}],"curies":[{"name":"wp","href":"https:\/\/api.w.org\/{rel}","templated":true}]}}